{"id":879,"date":"2021-01-05T14:02:26","date_gmt":"2021-01-05T13:02:26","guid":{"rendered":"http:\/\/www.oevpfeldkirchen.at\/?page_id=879"},"modified":"2025-06-19T10:16:43","modified_gmt":"2025-06-19T08:16:43","slug":"unser-gemeinderatsteam","status":"publish","type":"page","link":"https:\/\/www.oevpfeldkirchen.at\/?page_id=879","title":{"rendered":"Unser Gemeinderatsteam"},"content":{"rendered":"\n<div class=\"wp-block-media-text alignwide is-stacked-on-mobile\"><figure class=\"wp-block-media-text__media\"><img loading=\"lazy\" width=\"1024\" height=\"683\" src=\"https:\/\/www.oevpfeldkirchen.at\/wp-content\/uploads\/2024\/06\/21A9836-1024x683.jpg\" alt=\"\" class=\"wp-image-1796 size-full\" srcset=\"https:\/\/www.oevpfeldkirchen.at\/wp-content\/uploads\/2024\/06\/21A9836-1024x683.jpg 1024w, https:\/\/www.oevpfeldkirchen.at\/wp-content\/uploads\/2024\/06\/21A9836-300x200.jpg 300w, https:\/\/www.oevpfeldkirchen.at\/wp-content\/uploads\/2024\/06\/21A9836-768x512.jpg 768w, https:\/\/www.oevpfeldkirchen.at\/wp-content\/uploads\/2024\/06\/21A9836-1536x1024.jpg 1536w, https:\/\/www.oevpfeldkirchen.at\/wp-content\/uploads\/2024\/06\/21A9836-2048x1366.jpg 2048w\" sizes=\"(max-width: 1024px) 100vw, 1024px\" \/><\/figure><div class=\"wp-block-media-text__content\">\n<p><em> <\/em><\/p>\n\n\n\n<p><strong>B\u00fcrgermeister und Gemeindevorstand<\/strong><\/p>\n\n\n\n<p><a href=\"https:\/\/www.oevpfeldkirchen.at\/wp-admin\/post.php?post=1732&amp;action=edit\">B\u00fcrgermeister Erich Gosch<\/a><br><a href=\"http:\/\/www.oevpfeldkirchen.at\/?p=891\">Vizeb\u00fcrgermeisterin Mag. Christa Modl<\/a><br><a href=\"http:\/\/www.oevpfeldkirchen.at\/?p=898\">Gemeindekassierin Helga Pongratz<\/a> <\/p>\n\n\n\n<p><em>geh\u00f6ren dem Gemeindevorstand an.<\/em><\/p>\n<\/div><\/div>\n\n\n\n<p><\/p>\n\n\n\n<div class=\"wp-block-media-text alignwide has-media-on-the-right is-stacked-on-mobile is-vertically-aligned-center\" style=\"grid-template-columns:auto 49%\"><figure class=\"wp-block-media-text__media\"><img loading=\"lazy\" width=\"1024\" height=\"683\" src=\"https:\/\/www.oevpfeldkirchen.at\/wp-content\/uploads\/2024\/06\/21A9927-1024x683.jpg\" alt=\"\" class=\"wp-image-1807 size-full\" srcset=\"https:\/\/www.oevpfeldkirchen.at\/wp-content\/uploads\/2024\/06\/21A9927-1024x683.jpg 1024w, https:\/\/www.oevpfeldkirchen.at\/wp-content\/uploads\/2024\/06\/21A9927-300x200.jpg 300w, https:\/\/www.oevpfeldkirchen.at\/wp-content\/uploads\/2024\/06\/21A9927-768x512.jpg 768w, https:\/\/www.oevpfeldkirchen.at\/wp-content\/uploads\/2024\/06\/21A9927-1536x1024.jpg 1536w, https:\/\/www.oevpfeldkirchen.at\/wp-content\/uploads\/2024\/06\/21A9927-2048x1366.jpg 2048w\" sizes=\"(max-width: 1024px) 100vw, 1024px\" \/><\/figure><div class=\"wp-block-media-text__content\">\n<h4><a href=\"https:\/\/www.oevpfeldkirchen.at\/wp-admin\/post.php?post=1702&amp;action=edit\"><strong>Unser Gemeinderatsteam<\/strong><\/a><\/h4>\n\n\n\n<p><\/p>\n<\/div><\/div>\n\n\n\n<p><\/p>\n\n\n\n<div class=\"wp-block-media-text alignwide is-stacked-on-mobile\"><figure class=\"wp-block-media-text__media\"><img loading=\"lazy\" width=\"1024\" height=\"586\" src=\"http:\/\/www.oevpfeldkirchen.at\/wp-content\/uploads\/2021\/01\/Teamfoto-1024x586.jpg\" alt=\"\" class=\"wp-image-970 size-full\" srcset=\"https:\/\/www.oevpfeldkirchen.at\/wp-content\/uploads\/2021\/01\/Teamfoto-1024x586.jpg 1024w, https:\/\/www.oevpfeldkirchen.at\/wp-content\/uploads\/2021\/01\/Teamfoto-300x172.jpg 300w, https:\/\/www.oevpfeldkirchen.at\/wp-content\/uploads\/2021\/01\/Teamfoto-768x440.jpg 768w, https:\/\/www.oevpfeldkirchen.at\/wp-content\/uploads\/2021\/01\/Teamfoto-1536x879.jpg 1536w, https:\/\/www.oevpfeldkirchen.at\/wp-content\/uploads\/2021\/01\/Teamfoto-1400x800.jpg 1400w, https:\/\/www.oevpfeldkirchen.at\/wp-content\/uploads\/2021\/01\/Teamfoto.jpg 2016w\" sizes=\"(max-width: 1024px) 100vw, 1024px\" \/><\/figure><div class=\"wp-block-media-text__content\">\n<h4><strong><a href=\"http:\/\/www.oevpfeldkirchen.at\/?p=934\">Unsere Ausschussobleute<\/a><\/strong><\/h4>\n\n\n\n<p><\/p>\n<\/div><\/div>\n","protected":false},"excerpt":{"rendered":"<p>B\u00fcrgermeister und Gemeindevorstand B\u00fcrgermeister Erich GoschVizeb\u00fcrgermeisterin Mag. Christa ModlGemeindekassierin Helga Pongratz geh\u00f6ren dem Gemeindevorstand an. Unser Gemeinderatsteam Unsere Ausschussobleute<\/p>\n","protected":false},"author":4,"featured_media":0,"parent":0,"menu_order":0,"comment_status":"closed","ping_status":"closed","template":"","meta":[],"_links":{"self":[{"href":"https:\/\/www.oevpfeldkirchen.at\/index.php?rest_route=\/wp\/v2\/pages\/879"}],"collection":[{"href":"https:\/\/www.oevpfeldkirchen.at\/index.php?rest_route=\/wp\/v2\/pages"}],"about":[{"href":"https:\/\/www.oevpfeldkirchen.at\/index.php?rest_route=\/wp\/v2\/types\/page"}],"author":[{"embeddable":true,"href":"https:\/\/www.oevpfeldkirchen.at\/index.php?rest_route=\/wp\/v2\/users\/4"}],"replies":[{"embeddable":true,"href":"https:\/\/www.oevpfeldkirchen.at\/index.php?rest_route=%2Fwp%2Fv2%2Fcomments&post=879"}],"version-history":[{"count":62,"href":"https:\/\/www.oevpfeldkirchen.at\/index.php?rest_route=\/wp\/v2\/pages\/879\/revisions"}],"predecessor-version":[{"id":1909,"href":"https:\/\/www.oevpfeldkirchen.at\/index.php?rest_route=\/wp\/v2\/pages\/879\/revisions\/1909"}],"wp:attachment":[{"href":"https:\/\/www.oevpfeldkirchen.at\/index.php?rest_route=%2Fwp%2Fv2%2Fmedia&parent=879"}],"curies":[{"name":"wp","href":"https:\/\/api.w.org\/{rel}","templated":true}]}}